{"id":1105,"date":"2024-04-09T21:16:09","date_gmt":"2024-04-09T21:16:09","guid":{"rendered":"https:\/\/suttoko.hu\/?post_type=product&#038;p=1105"},"modified":"2024-08-08T11:36:15","modified_gmt":"2024-08-08T11:36:15","slug":"piller-fedlap","status":"publish","type":"product","link":"https:\/\/suttoko.hu\/index.php\/termek\/piller-fedlap\/","title":{"rendered":"Pill\u00e9r fedlap"},"content":{"rendered":"\t\t<div data-elementor-type=\"product-post\" data-elementor-id=\"1105\" class=\"elementor elementor-1105\" data-elementor-post-type=\"product\">\n\t\t\t\t<div class=\"elementor-element elementor-element-654c40ab e-flex e-con-boxed e-con e-parent\" data-id=\"654c40ab\" data-element_type=\"container\">\n\t\t\t\t\t<div class=\"e-con-inner\">\n\t\t\t\t<div class=\"elementor-element elementor-element-bf495f8 elementor-widget elementor-widget-woocommerce-product-content\" data-id=\"bf495f8\" data-element_type=\"widget\" data-widget_type=\"woocommerce-product-content.default\">\n\t\t\t\t<div class=\"elementor-widget-container\">\n\t\t\t\t\t<div data-elementor-type=\"product-post\" data-elementor-id=\"1105\" class=\"elementor elementor-1105\" data-elementor-post-type=\"product\">\n\t\t\t\t<div class=\"elementor-element elementor-element-654c40ab e-flex e-con-boxed e-con e-parent\" data-id=\"654c40ab\" data-element_type=\"container\">\n\t\t\t\t\t<div class=\"e-con-inner\">\n\t\t\t\t\t<\/div>\n\t\t\t\t<\/div>\n\t\t\t\t<\/div>\t\t\t\t<\/div>\n\t\t\t\t<\/div>\n\t\t\t\t\t<\/div>\n\t\t\t\t<\/div>\n\t\t\t\t<\/div>\n\t\t","protected":false},"excerpt":{"rendered":"<p><span style=\"font-weight: 400;\">Megmunk\u00e1l\u00e1s: 4 oldalon \u00e9lcsiszolva f\u00f3zolva, v\u00edzorr v\u00e1gva.<\/span><\/p>\n<p>150-200 cm hossz 25% fel\u00e1rral rendelhet\u0151.<\/p>\n<p>K\u00e9rje egyedi aj\u00e1nlatunkat!<\/p>\n","protected":false},"featured_media":1431,"comment_status":"open","ping_status":"closed","template":"","meta":[],"product_brand":[],"product_cat":[25],"product_tag":[],"class_list":{"0":"post-1105","1":"product","2":"type-product","3":"status-publish","4":"has-post-thumbnail","6":"product_cat-fedlapok","8":"entry","9":"has-media","11":"first","12":"instock","13":"taxable","14":"shipping-taxable","15":"purchasable","16":"product-type-variable","17":"col","18":"span_1_of_3","19":"owp-content-center","20":"owp-thumbs-layout-horizontal","21":"owp-btn-normal","22":"owp-tabs-layout-horizontal","23":"has-no-thumbnails"},"_links":{"self":[{"href":"https:\/\/suttoko.hu\/index.php\/wp-json\/wp\/v2\/product\/1105","targetHints":{"allow":["GET"]}}],"collection":[{"href":"https:\/\/suttoko.hu\/index.php\/wp-json\/wp\/v2\/product"}],"about":[{"href":"https:\/\/suttoko.hu\/index.php\/wp-json\/wp\/v2\/types\/product"}],"replies":[{"embeddable":true,"href":"https:\/\/suttoko.hu\/index.php\/wp-json\/wp\/v2\/comments?post=1105"}],"version-history":[{"count":6,"href":"https:\/\/suttoko.hu\/index.php\/wp-json\/wp\/v2\/product\/1105\/revisions"}],"predecessor-version":[{"id":1480,"href":"https:\/\/suttoko.hu\/index.php\/wp-json\/wp\/v2\/product\/1105\/revisions\/1480"}],"wp:featuredmedia":[{"embeddable":true,"href":"https:\/\/suttoko.hu\/index.php\/wp-json\/wp\/v2\/media\/1431"}],"wp:attachment":[{"href":"https:\/\/suttoko.hu\/index.php\/wp-json\/wp\/v2\/media?parent=1105"}],"wp:term":[{"taxonomy":"product_brand","embeddable":true,"href":"https:\/\/suttoko.hu\/index.php\/wp-json\/wp\/v2\/product_brand?post=1105"},{"taxonomy":"product_cat","embeddable":true,"href":"https:\/\/suttoko.hu\/index.php\/wp-json\/wp\/v2\/product_cat?post=1105"},{"taxonomy":"product_tag","embeddable":true,"href":"https:\/\/suttoko.hu\/index.php\/wp-json\/wp\/v2\/product_tag?post=1105"}],"curies":[{"name":"wp","href":"https:\/\/api.w.org\/{rel}","templated":true}]}}