{"id":1053,"date":"2024-04-09T20:50:10","date_gmt":"2024-04-09T20:50:10","guid":{"rendered":"https:\/\/suttoko.hu\/?post_type=product&#038;p=1053"},"modified":"2024-08-08T12:05:05","modified_gmt":"2024-08-08T12:05:05","slug":"lepcsolapok","status":"publish","type":"product","link":"https:\/\/suttoko.hu\/index.php\/termek\/lepcsolapok\/","title":{"rendered":"L\u00e9pcs\u0151lapok"},"content":{"rendered":"","protected":false},"excerpt":{"rendered":"<p><span style=\"font-weight: 400;\">L\u00e9pcs\u0151ink a legjobb v\u00e1laszt\u00e1sok belt\u00e9rre \u00e9s k\u00fclt\u00e9rre egyar\u00e1nt.<\/span><\/p>\n<p><span style=\"font-weight: 400;\">Fel\u00fclet kieg\u00e9sz\u00edt\u00e9s\u00e9hez k\u00e9rhet\u0151 &#8211; k\u00fclt\u00e9rre javasolt &#8211; 5 cm sz\u00e9les s\u00e1vban stokkolt \u00e9rdes\u00edt\u00e9s (cs\u00fasz\u00e1sg\u00e1tl\u00f3).<\/span><\/p>\n<p>150-200 cm hossz\u00fas\u00e1gban 25 % fel\u00e1rral rendelhet\u0151.<\/p>\n<p>K\u00e9rj egyedi aj\u00e1nlatot!<\/p>\n","protected":false},"featured_media":1055,"comment_status":"open","ping_status":"closed","template":"","meta":[],"product_brand":[],"product_cat":[23],"product_tag":[],"class_list":{"0":"post-1053","1":"product","2":"type-product","3":"status-publish","4":"has-post-thumbnail","6":"product_cat-lepcsoelemek","8":"entry","9":"has-media","11":"first","12":"instock","13":"taxable","14":"shipping-taxable","15":"purchasable","16":"product-type-variable","17":"col","18":"span_1_of_3","19":"owp-content-center","20":"owp-thumbs-layout-horizontal","21":"owp-btn-normal","22":"owp-tabs-layout-horizontal"},"_links":{"self":[{"href":"https:\/\/suttoko.hu\/index.php\/wp-json\/wp\/v2\/product\/1053","targetHints":{"allow":["GET"]}}],"collection":[{"href":"https:\/\/suttoko.hu\/index.php\/wp-json\/wp\/v2\/product"}],"about":[{"href":"https:\/\/suttoko.hu\/index.php\/wp-json\/wp\/v2\/types\/product"}],"replies":[{"embeddable":true,"href":"https:\/\/suttoko.hu\/index.php\/wp-json\/wp\/v2\/comments?post=1053"}],"version-history":[{"count":19,"href":"https:\/\/suttoko.hu\/index.php\/wp-json\/wp\/v2\/product\/1053\/revisions"}],"predecessor-version":[{"id":1514,"href":"https:\/\/suttoko.hu\/index.php\/wp-json\/wp\/v2\/product\/1053\/revisions\/1514"}],"wp:featuredmedia":[{"embeddable":true,"href":"https:\/\/suttoko.hu\/index.php\/wp-json\/wp\/v2\/media\/1055"}],"wp:attachment":[{"href":"https:\/\/suttoko.hu\/index.php\/wp-json\/wp\/v2\/media?parent=1053"}],"wp:term":[{"taxonomy":"product_brand","embeddable":true,"href":"https:\/\/suttoko.hu\/index.php\/wp-json\/wp\/v2\/product_brand?post=1053"},{"taxonomy":"product_cat","embeddable":true,"href":"https:\/\/suttoko.hu\/index.php\/wp-json\/wp\/v2\/product_cat?post=1053"},{"taxonomy":"product_tag","embeddable":true,"href":"https:\/\/suttoko.hu\/index.php\/wp-json\/wp\/v2\/product_tag?post=1053"}],"curies":[{"name":"wp","href":"https:\/\/api.w.org\/{rel}","templated":true}]}}