{"id":644,"date":"2024-04-08T19:47:43","date_gmt":"2024-04-08T19:47:43","guid":{"rendered":"https:\/\/suttoko.hu\/?page_id=644"},"modified":"2024-04-08T19:58:21","modified_gmt":"2024-04-08T19:58:21","slug":"kofeldolgozas-fejlesztese-a-suttoi-travertin-kft-nel","status":"publish","type":"page","link":"https:\/\/suttoko.hu\/index.php\/kofeldolgozas-fejlesztese-a-suttoi-travertin-kft-nel\/","title":{"rendered":"K\u0151feldolgoz\u00e1s fejleszt\u00e9se a S\u00fctt\u0151i Travertin Kft-n\u00e9l"},"content":{"rendered":"\t\t<div data-elementor-type=\"wp-page\" data-elementor-id=\"644\" class=\"elementor elementor-644\" data-elementor-post-type=\"page\">\n\t\t\t\t\t\t<section class=\"elementor-section elementor-top-section elementor-element elementor-element-84f51ee elementor-section-boxed elementor-section-height-default elementor-section-height-default\" data-id=\"84f51ee\" data-element_type=\"section\" data-settings=\"{&quot;background_background&quot;:&quot;classic&quot;}\">\n\t\t\t\t\t\t<div class=\"elementor-container elementor-column-gap-default\">\n\t\t\t\t\t<div class=\"elementor-column elementor-col-100 elementor-top-column elementor-element elementor-element-8a23473\" data-id=\"8a23473\" data-element_type=\"column\">\n\t\t\t<div class=\"elementor-widget-wrap elementor-element-populated\">\n\t\t\t\t\t\t<div class=\"elementor-element elementor-element-7b4d50e elementor-widget elementor-widget-heading\" data-id=\"7b4d50e\" data-element_type=\"widget\" data-widget_type=\"heading.default\">\n\t\t\t\t<div class=\"elementor-widget-container\">\n\t\t\t\t\t<h1 class=\"elementor-heading-title elementor-size-default\">K\u0151feldolgoz\u00e1s fejleszt\u00e9se a S\u00fctt\u0151i Travertin Kft-n\u00e9l<\/h1>\t\t\t\t<\/div>\n\t\t\t\t<\/div>\n\t\t\t\t<div class=\"elementor-element elementor-element-7b67f31 elementor-widget elementor-widget-text-editor\" data-id=\"7b67f31\" data-element_type=\"widget\" data-widget_type=\"text-editor.default\">\n\t\t\t\t<div class=\"elementor-widget-container\">\n\t\t\t\t\t\t\t\t\t<ul><li>A projekt azonos\u00edt\u00f3 sz\u00e1ma: GINOP-1.2.1-16-2017-00765<\/li><li>A t\u00e1mogat\u00e1s m\u00e9rt\u00e9ke: 50%<\/li><li>A projekt t\u00e9nyleges befejez\u00e9si d\u00e1tuma: 2019.04.26.<\/li><li>A kedvezm\u00e9nyezett neve: S\u00fctt\u0151i Travertin Kft.<\/li><li>A projekt c\u00edme: K\u0151feldolgoz\u00e1s fejleszt\u00e9se a S\u00fctt\u0151i Travertin Kft-n\u00e9l<\/li><li>A szerz\u0151d\u00f6tt t\u00e1mogat\u00e1s \u00f6sszege: 106 880 000 Ft<\/li><\/ul>\t\t\t\t\t\t\t\t<\/div>\n\t\t\t\t<\/div>\n\t\t\t\t\t<\/div>\n\t\t<\/div>\n\t\t\t\t\t<\/div>\n\t\t<\/section>\n\t\t\t\t<section class=\"elementor-section elementor-top-section elementor-element elementor-element-8d778d4 project-section elementor-section-boxed elementor-section-height-default elementor-section-height-default\" data-id=\"8d778d4\" data-element_type=\"section\">\n\t\t\t\t\t\t<div class=\"elementor-container elementor-column-gap-default\">\n\t\t\t\t\t<div class=\"elementor-column elementor-col-100 elementor-top-column elementor-element elementor-element-6255fb7\" data-id=\"6255fb7\" data-element_type=\"column\">\n\t\t\t<div class=\"elementor-widget-wrap elementor-element-populated\">\n\t\t\t\t\t\t<section class=\"elementor-section elementor-inner-section elementor-element elementor-element-55e6a37 project-content elementor-section-boxed elementor-section-height-default elementor-section-height-default\" data-id=\"55e6a37\" data-element_type=\"section\">\n\t\t\t\t\t\t<div class=\"elementor-container elementor-column-gap-default\">\n\t\t\t\t\t<div class=\"elementor-column elementor-col-100 elementor-inner-column elementor-element elementor-element-63b4eea\" data-id=\"63b4eea\" data-element_type=\"column\">\n\t\t\t<div class=\"elementor-widget-wrap elementor-element-populated\">\n\t\t\t\t\t\t<div class=\"elementor-element elementor-element-f63d3f8 elementor-widget elementor-widget-heading\" data-id=\"f63d3f8\" data-element_type=\"widget\" data-widget_type=\"heading.default\">\n\t\t\t\t<div class=\"elementor-widget-container\">\n\t\t\t\t\t<h2 class=\"elementor-heading-title elementor-size-default\">A projekt tartalm\u00e1nak bemutat\u00e1sa:<\/h2>\t\t\t\t<\/div>\n\t\t\t\t<\/div>\n\t\t\t\t<div class=\"elementor-element elementor-element-b29e8c4 elementor-widget elementor-widget-text-editor\" data-id=\"b29e8c4\" data-element_type=\"widget\" data-widget_type=\"text-editor.default\">\n\t\t\t\t<div class=\"elementor-widget-container\">\n\t\t\t\t\t\t\t\t\t<p>A projekt c\u00e9lja a v\u00e1llalkoz\u00e1s csiszolt burkol\u00f3lap gy\u00e1rt\u00f3 kapacit\u00e1s\u00e1nak fejleszt\u00e9se volt.<br \/>Tov\u00e1bbi c\u00e9l volt a feldolgoz\u00e1shoz kapcsol\u00f3d\u00f3 anyagmozgat\u00e1si technol\u00f3gia<br \/>korszer\u0171s\u00edt\u00e9se \u00e9s v\u00e1llalatir\u00e1ny\u00edt\u00e1si rendszer bevezet\u00e9se a termel\u00e9s ir\u00e1ny\u00edt\u00e1s<br \/>hat\u00e9konyabb\u00e1 t\u00e9tel\u00e9re.<br \/>A projekt keret\u00e9ben beszerz\u00e9sre ker\u00fclt egy LBV\/600 M-8 t\u00edpus\u00fa csiszol\u00f3g\u00e9p. A g\u00e9p<br \/>m\u00e9szk\u0151\/m\u00e1rv\u00e1ny lapok csiszol\u00e1s\u00e1ra alkalmas. A csiszol\u00f3 egys\u00e9gek egy mozgathat\u00f3<br \/>h\u00eddra vannak felszerelve. A technol\u00f3gia garant\u00e1lja a stabilit\u00e1st, megakad\u00e1lyozza a<br \/>vibr\u00e1ci\u00f3t \u00e9s rendk\u00edv\u00fcl pontos munkav\u00e9gz\u00e9st tesz lehet\u0151v\u00e9.<br \/>A csiszol\u00e1si folyamathoz kapcsol\u00f3d\u00f3an ker\u00fclt beszerz\u00e9sre a MOD FOBV\/600M &#8211;<br \/>12000 &#8222;IR6+IR6&#8221;; t\u00edpus\u00fa kombin\u00e1lt sz\u00e1r\u00edt\u00f3 g\u00e9psor. A v\u00e1g\u00e1si \u00e9s k\u00fcl\u00f6n\u00f6sen a csiszol\u00e1si<br \/>munkafolyamatok alatt jelent\u0151s mennyis\u00e9g\u0171 technol\u00f3giai v\u00edzzel \u00e9rintkeznek a<br \/>m\u00e9szk\u0151lapok. Ennek az elt\u00e1vol\u00edt\u00e1s\u00e1t szolg\u00e1lja a sz\u00e1r\u00edt\u00f3 g\u00e9psor.<br \/>A csiszol\u00f3g\u00e9p kiszolg\u00e1l\u00e1s\u00e1hoz kapcsol\u00f3dik a MOD TBV\/1600M block v\u00e1g\u00f3g\u00e9p<br \/>beszerz\u00e9se is. Ez a g\u00e9p \u00e1ll\u00edtja el\u0151 a k\u00edv\u00e1nt m\u00e9ret\u0171 \u201enyers\u201d k\u0151lapokat, amelyek a<br \/>csiszol\u00f3g\u00e9pre ker\u00fclnek.<\/p><p>A k\u0151lapok \u00fczemen bel\u00fcli rakod\u00e1s\u00e1hoz beszerezt\u00fcnk 2 db Hyundai 25D-9E d\u00edzel<br \/>targonc\u00e1t.<br \/>A d\u00edsz\u00edt\u0151 k\u0151z\u00fazal\u00e9k \u00e9s a gabionokba ker\u00fcl\u0151 nagyobb \u00e1tm\u00e9r\u0151j\u0171 k\u00f6vek rakod\u00e1s\u00e1hoz<br \/>sz\u00fcks\u00e9ges egy nagy teljes\u00edtm\u00e9ny\u0171 homlokrakod\u00f3. Erre a c\u00e9lra v\u00e1s\u00e1roltuk a Hyundai<br \/>HL980 homlokrakod\u00f3t.<\/p><p>A gy\u00e1rt\u00e1si folyamat tervez\u00e9s\u00e9hez, ellen\u0151rz\u00e9s\u00e9hez, a kontrolling rendszer<br \/>m\u0171k\u00f6dtet\u00e9s\u00e9hez bevezet\u00e9sre ker\u00fclt az AvERP V\u00e1llalatir\u00e1ny\u00edt\u00e1si rendszer.<\/p>\t\t\t\t\t\t\t\t<\/div>\n\t\t\t\t<\/div>\n\t\t\t\t\t<\/div>\n\t\t<\/div>\n\t\t\t\t\t<\/div>\n\t\t<\/section>\n\t\t\t\t<section class=\"elementor-section elementor-inner-section elementor-element elementor-element-3bedbbb image-gallery elementor-section-boxed elementor-section-height-default elementor-section-height-default\" data-id=\"3bedbbb\" data-element_type=\"section\">\n\t\t\t\t\t\t<div class=\"elementor-container elementor-column-gap-default\">\n\t\t\t\t\t<div class=\"elementor-column elementor-col-100 elementor-inner-column elementor-element elementor-element-e198d91\" data-id=\"e198d91\" data-element_type=\"column\">\n\t\t\t<div class=\"elementor-widget-wrap elementor-element-populated\">\n\t\t\t\t\t\t<div class=\"elementor-element elementor-element-fbd92c4 elementor-widget elementor-widget-gallery\" data-id=\"fbd92c4\" data-element_type=\"widget\" data-settings=\"{&quot;lazyload&quot;:&quot;yes&quot;,&quot;gallery_layout&quot;:&quot;grid&quot;,&quot;columns&quot;:4,&quot;columns_tablet&quot;:2,&quot;columns_mobile&quot;:1,&quot;gap&quot;:{&quot;unit&quot;:&quot;px&quot;,&quot;size&quot;:10,&quot;sizes&quot;:[]},&quot;gap_tablet&quot;:{&quot;unit&quot;:&quot;px&quot;,&quot;size&quot;:10,&quot;sizes&quot;:[]},&quot;gap_mobile&quot;:{&quot;unit&quot;:&quot;px&quot;,&quot;size&quot;:10,&quot;sizes&quot;:[]},&quot;link_to&quot;:&quot;file&quot;,&quot;aspect_ratio&quot;:&quot;3:2&quot;,&quot;overlay_background&quot;:&quot;yes&quot;,&quot;content_hover_animation&quot;:&quot;fade-in&quot;}\" data-widget_type=\"gallery.default\">\n\t\t\t\t<div class=\"elementor-widget-container\">\n\t\t\t\t\t\t\t<div class=\"elementor-gallery__container\">\n\t\t\t\t\t\t\t<a class=\"e-gallery-item elementor-gallery-item elementor-animated-content\" href=\"https:\/\/suttoko.hu\/wp-content\/uploads\/2024\/04\/FIRMA_blokk-vago-scaled.jpeg\" data-elementor-open-lightbox=\"yes\" data-elementor-lightbox-slideshow=\"fbd92c4\" data-elementor-lightbox-title=\"FIRMA_blokk vago\" data-e-action-hash=\"#elementor-action%3Aaction%3Dlightbox%26settings%3DeyJpZCI6NjUxLCJ1cmwiOiJodHRwczpcL1wvc3V0dG9rby5odVwvd3AtY29udGVudFwvdXBsb2Fkc1wvMjAyNFwvMDRcL0ZJUk1BX2Jsb2trLXZhZ28tc2NhbGVkLmpwZWciLCJzbGlkZXNob3ciOiJmYmQ5MmM0In0%3D\">\n\t\t\t\t\t<div class=\"e-gallery-image elementor-gallery-item__image\" data-thumbnail=\"https:\/\/suttoko.hu\/wp-content\/uploads\/2024\/04\/FIRMA_blokk-vago-300x225.jpeg\" data-width=\"300\" data-height=\"225\" aria-label=\"\" role=\"img\" ><\/div>\n\t\t\t\t\t\t\t\t\t\t\t<div class=\"elementor-gallery-item__overlay\"><\/div>\n\t\t\t\t\t\t\t\t\t\t\t\t\t\t<\/a>\n\t\t\t\t\t\t\t<a class=\"e-gallery-item elementor-gallery-item elementor-animated-content\" href=\"https:\/\/suttoko.hu\/wp-content\/uploads\/2024\/04\/FIRMA_csiszolo-scaled.jpeg\" data-elementor-open-lightbox=\"yes\" data-elementor-lightbox-slideshow=\"fbd92c4\" data-elementor-lightbox-title=\"FIRMA_csiszolo\" data-e-action-hash=\"#elementor-action%3Aaction%3Dlightbox%26settings%3DeyJpZCI6NjUyLCJ1cmwiOiJodHRwczpcL1wvc3V0dG9rby5odVwvd3AtY29udGVudFwvdXBsb2Fkc1wvMjAyNFwvMDRcL0ZJUk1BX2NzaXN6b2xvLXNjYWxlZC5qcGVnIiwic2xpZGVzaG93IjoiZmJkOTJjNCJ9\">\n\t\t\t\t\t<div class=\"e-gallery-image elementor-gallery-item__image\" data-thumbnail=\"https:\/\/suttoko.hu\/wp-content\/uploads\/2024\/04\/FIRMA_csiszolo-300x225.jpeg\" data-width=\"300\" data-height=\"225\" aria-label=\"\" role=\"img\" ><\/div>\n\t\t\t\t\t\t\t\t\t\t\t<div class=\"elementor-gallery-item__overlay\"><\/div>\n\t\t\t\t\t\t\t\t\t\t\t\t\t\t<\/a>\n\t\t\t\t\t<\/div>\n\t\t\t\t\t<\/div>\n\t\t\t\t<\/div>\n\t\t\t\t\t<\/div>\n\t\t<\/div>\n\t\t\t\t\t<\/div>\n\t\t<\/section>\n\t\t\t\t\t<\/div>\n\t\t<\/div>\n\t\t\t\t\t<\/div>\n\t\t<\/section>\n\t\t\t\t<\/div>\n\t\t","protected":false},"excerpt":{"rendered":"<p>K\u0151feldolgoz\u00e1s fejleszt\u00e9se a S\u00fctt\u0151i Travertin Kft-n\u00e9l A projekt azonos\u00edt\u00f3 sz\u00e1ma: GINOP-1.2.1-16-2017-00765 A t\u00e1mogat\u00e1s m\u00e9rt\u00e9ke: 50% A projekt t\u00e9nyleges befejez\u00e9si d\u00e1tuma: 2019.04.26. A kedvezm\u00e9nyezett neve: S\u00fctt\u0151i Travertin Kft. A projekt c\u00edme: K\u0151feldolgoz\u00e1s fejleszt\u00e9se a S\u00fctt\u0151i Travertin Kft-n\u00e9l A szerz\u0151d\u00f6tt t\u00e1mogat\u00e1s \u00f6sszege: 106 880 000 Ft A projekt tartalm\u00e1nak bemutat\u00e1sa: A projekt c\u00e9lja a v\u00e1llalkoz\u00e1s csiszolt burkol\u00f3lap [&hellip;]<\/p>\n","protected":false},"author":1,"featured_media":0,"parent":0,"menu_order":0,"comment_status":"closed","ping_status":"closed","template":"","meta":{"footnotes":""},"class_list":["post-644","page","type-page","status-publish","hentry","entry","owp-thumbs-layout-horizontal","owp-btn-normal","owp-tabs-layout-horizontal","has-no-thumbnails"],"_links":{"self":[{"href":"https:\/\/suttoko.hu\/index.php\/wp-json\/wp\/v2\/pages\/644","targetHints":{"allow":["GET"]}}],"collection":[{"href":"https:\/\/suttoko.hu\/index.php\/wp-json\/wp\/v2\/pages"}],"about":[{"href":"https:\/\/suttoko.hu\/index.php\/wp-json\/wp\/v2\/types\/page"}],"author":[{"embeddable":true,"href":"https:\/\/suttoko.hu\/index.php\/wp-json\/wp\/v2\/users\/1"}],"replies":[{"embeddable":true,"href":"https:\/\/suttoko.hu\/index.php\/wp-json\/wp\/v2\/comments?post=644"}],"version-history":[{"count":9,"href":"https:\/\/suttoko.hu\/index.php\/wp-json\/wp\/v2\/pages\/644\/revisions"}],"predecessor-version":[{"id":657,"href":"https:\/\/suttoko.hu\/index.php\/wp-json\/wp\/v2\/pages\/644\/revisions\/657"}],"wp:attachment":[{"href":"https:\/\/suttoko.hu\/index.php\/wp-json\/wp\/v2\/media?parent=644"}],"curies":[{"name":"wp","href":"https:\/\/api.w.org\/{rel}","templated":true}]}}