{"id":488,"date":"2024-03-12T20:09:01","date_gmt":"2024-03-12T20:09:01","guid":{"rendered":"https:\/\/suttoko.hu\/?page_id=488"},"modified":"2024-03-12T20:12:20","modified_gmt":"2024-03-12T20:12:20","slug":"szolgaltatasok","status":"publish","type":"page","link":"https:\/\/suttoko.hu\/index.php\/szolgaltatasok\/","title":{"rendered":"Szolg\u00e1ltat\u00e1sok"},"content":{"rendered":"\t\t<div data-elementor-type=\"wp-page\" data-elementor-id=\"488\" class=\"elementor elementor-488\" data-elementor-post-type=\"page\">\n\t\t\t\t\t\t<section class=\"elementor-section elementor-top-section elementor-element elementor-element-5e00ce49 elementor-section-boxed elementor-section-height-default elementor-section-height-default\" data-id=\"5e00ce49\" data-element_type=\"section\" data-settings=\"{&quot;background_background&quot;:&quot;classic&quot;}\">\n\t\t\t\t\t\t<div class=\"elementor-container elementor-column-gap-default\">\n\t\t\t\t\t<div class=\"elementor-column elementor-col-100 elementor-top-column elementor-element elementor-element-28237c49\" data-id=\"28237c49\" data-element_type=\"column\">\n\t\t\t<div class=\"elementor-widget-wrap elementor-element-populated\">\n\t\t\t\t\t\t<div class=\"elementor-element elementor-element-64cf9302 elementor-widget elementor-widget-heading\" data-id=\"64cf9302\" data-element_type=\"widget\" data-widget_type=\"heading.default\">\n\t\t\t\t<div class=\"elementor-widget-container\">\n\t\t\t\t\t<h1 class=\"elementor-heading-title elementor-size-default\">Szolg\u00e1ltat\u00e1sok<\/h1>\t\t\t\t<\/div>\n\t\t\t\t<\/div>\n\t\t\t\t<div class=\"elementor-element elementor-element-2cb98743 elementor-widget elementor-widget-text-editor\" data-id=\"2cb98743\" data-element_type=\"widget\" data-widget_type=\"text-editor.default\">\n\t\t\t\t<div class=\"elementor-widget-container\">\n\t\t\t\t\t\t\t\t\t<p>Term\u00e9keink mellett szolg\u00e1ltat\u00e1sainkkal is szeretn\u00e9nk seg\u00edteni elk\u00e9pzel\u00e9seid megval\u00f3s\u00edt\u00e1s\u00e1ban<\/p>\t\t\t\t\t\t\t\t<\/div>\n\t\t\t\t<\/div>\n\t\t\t\t\t<\/div>\n\t\t<\/div>\n\t\t\t\t\t<\/div>\n\t\t<\/section>\n\t\t\t\t<section class=\"elementor-section elementor-top-section elementor-element elementor-element-5b2a9487 elementor-section-boxed elementor-section-height-default elementor-section-height-default\" data-id=\"5b2a9487\" data-element_type=\"section\">\n\t\t\t\t\t\t<div class=\"elementor-container elementor-column-gap-no\">\n\t\t\t\t\t<div class=\"elementor-column elementor-col-100 elementor-top-column elementor-element elementor-element-3c8f9b01\" data-id=\"3c8f9b01\" data-element_type=\"column\">\n\t\t\t<div class=\"elementor-widget-wrap elementor-element-populated\">\n\t\t\t\t\t\t<div class=\"elementor-element elementor-element-4b127b40 elementor-widget elementor-widget-text-editor\" data-id=\"4b127b40\" data-element_type=\"widget\" data-widget_type=\"text-editor.default\">\n\t\t\t\t<div class=\"elementor-widget-container\">\n\t\t\t\t\t\t\t\t\t<p>Ha szeretn\u00e9d ig\u00e9nybe venni szolg\u00e1ltat\u00e1sainkat, keress minket el\u00e9rhet\u0151s\u00e9geink egyik\u00e9n!<\/p>\t\t\t\t\t\t\t\t<\/div>\n\t\t\t\t<\/div>\n\t\t\t\t<section class=\"elementor-section elementor-inner-section elementor-element elementor-element-43173e2d elementor-section-boxed elementor-section-height-default elementor-section-height-default\" data-id=\"43173e2d\" data-element_type=\"section\">\n\t\t\t\t\t\t<div class=\"elementor-container elementor-column-gap-default\">\n\t\t\t\t\t<div class=\"elementor-column elementor-col-50 elementor-inner-column elementor-element elementor-element-4471c3a3\" data-id=\"4471c3a3\" data-element_type=\"column\">\n\t\t\t<div class=\"elementor-widget-wrap elementor-element-populated\">\n\t\t\t\t\t\t<div class=\"elementor-element elementor-element-70bbc83d elementor-widget elementor-widget-image\" data-id=\"70bbc83d\" data-element_type=\"widget\" data-widget_type=\"image.default\">\n\t\t\t\t<div class=\"elementor-widget-container\">\n\t\t\t\t\t\t\t\t\t\t\t\t\t\t\t<img fetchpriority=\"high\" decoding=\"async\" width=\"1280\" height=\"853\" src=\"https:\/\/suttoko.hu\/wp-content\/uploads\/2024\/03\/quarry-7703096_1280.jpg\" class=\"attachment-full size-full wp-image-545\" alt=\"\" srcset=\"https:\/\/suttoko.hu\/wp-content\/uploads\/2024\/03\/quarry-7703096_1280.jpg 1280w, https:\/\/suttoko.hu\/wp-content\/uploads\/2024\/03\/quarry-7703096_1280-300x200.jpg 300w, https:\/\/suttoko.hu\/wp-content\/uploads\/2024\/03\/quarry-7703096_1280-1024x682.jpg 1024w, https:\/\/suttoko.hu\/wp-content\/uploads\/2024\/03\/quarry-7703096_1280-768x512.jpg 768w, https:\/\/suttoko.hu\/wp-content\/uploads\/2024\/03\/quarry-7703096_1280-600x400.jpg 600w\" sizes=\"(max-width: 1280px) 100vw, 1280px\" \/>\t\t\t\t\t\t\t\t\t\t\t\t\t\t\t<\/div>\n\t\t\t\t<\/div>\n\t\t\t\t<div class=\"elementor-element elementor-element-531b6d75 elementor-widget elementor-widget-heading\" data-id=\"531b6d75\" data-element_type=\"widget\" data-widget_type=\"heading.default\">\n\t\t\t\t<div class=\"elementor-widget-container\">\n\t\t\t\t\t<h2 class=\"elementor-heading-title elementor-size-default\">F\u00f6ldmunka<\/h2>\t\t\t\t<\/div>\n\t\t\t\t<\/div>\n\t\t\t\t\t<\/div>\n\t\t<\/div>\n\t\t\t\t<div class=\"elementor-column elementor-col-50 elementor-inner-column elementor-element elementor-element-669ce0d\" data-id=\"669ce0d\" data-element_type=\"column\">\n\t\t\t<div class=\"elementor-widget-wrap elementor-element-populated\">\n\t\t\t\t\t\t<div class=\"elementor-element elementor-element-ba1f3d7 elementor-widget elementor-widget-image\" data-id=\"ba1f3d7\" data-element_type=\"widget\" data-widget_type=\"image.default\">\n\t\t\t\t<div class=\"elementor-widget-container\">\n\t\t\t\t\t\t\t\t\t\t\t\t\t\t\t<img decoding=\"async\" width=\"2000\" height=\"1333\" src=\"https:\/\/suttoko.hu\/wp-content\/uploads\/2024\/03\/430680015_835575145041116_339369378178516165_n.jpg\" class=\"attachment-full size-full wp-image-319\" alt=\"\" srcset=\"https:\/\/suttoko.hu\/wp-content\/uploads\/2024\/03\/430680015_835575145041116_339369378178516165_n.jpg 2000w, https:\/\/suttoko.hu\/wp-content\/uploads\/2024\/03\/430680015_835575145041116_339369378178516165_n-300x200.jpg 300w, https:\/\/suttoko.hu\/wp-content\/uploads\/2024\/03\/430680015_835575145041116_339369378178516165_n-1024x682.jpg 1024w, https:\/\/suttoko.hu\/wp-content\/uploads\/2024\/03\/430680015_835575145041116_339369378178516165_n-768x512.jpg 768w, https:\/\/suttoko.hu\/wp-content\/uploads\/2024\/03\/430680015_835575145041116_339369378178516165_n-1536x1024.jpg 1536w, https:\/\/suttoko.hu\/wp-content\/uploads\/2024\/03\/430680015_835575145041116_339369378178516165_n-600x400.jpg 600w\" sizes=\"(max-width: 2000px) 100vw, 2000px\" \/>\t\t\t\t\t\t\t\t\t\t\t\t\t\t\t<\/div>\n\t\t\t\t<\/div>\n\t\t\t\t<div class=\"elementor-element elementor-element-1e544ed8 elementor-widget elementor-widget-heading\" data-id=\"1e544ed8\" data-element_type=\"widget\" data-widget_type=\"heading.default\">\n\t\t\t\t<div class=\"elementor-widget-container\">\n\t\t\t\t\t<h2 class=\"elementor-heading-title elementor-size-default\">K\u0151sz\u00e1ll\u00edt\u00e1s<\/h2>\t\t\t\t<\/div>\n\t\t\t\t<\/div>\n\t\t\t\t\t<\/div>\n\t\t<\/div>\n\t\t\t\t\t<\/div>\n\t\t<\/section>\n\t\t\t\t<section class=\"elementor-section elementor-inner-section elementor-element elementor-element-7f1d7043 elementor-section-boxed elementor-section-height-default elementor-section-height-default\" data-id=\"7f1d7043\" data-element_type=\"section\">\n\t\t\t\t\t\t<div class=\"elementor-container elementor-column-gap-default\">\n\t\t\t\t\t<div class=\"elementor-column elementor-col-50 elementor-inner-column elementor-element elementor-element-489221d5\" data-id=\"489221d5\" data-element_type=\"column\">\n\t\t\t<div class=\"elementor-widget-wrap elementor-element-populated\">\n\t\t\t\t\t\t<div class=\"elementor-element elementor-element-215e9178 elementor-widget elementor-widget-image\" data-id=\"215e9178\" data-element_type=\"widget\" data-widget_type=\"image.default\">\n\t\t\t\t<div class=\"elementor-widget-container\">\n\t\t\t\t\t\t\t\t\t\t\t\t\t\t\t<img decoding=\"async\" width=\"2048\" height=\"1366\" src=\"https:\/\/suttoko.hu\/wp-content\/uploads\/2024\/03\/428404270_828801659051798_9104764171206256596_n.jpg\" class=\"attachment-full size-full wp-image-317\" alt=\"\" srcset=\"https:\/\/suttoko.hu\/wp-content\/uploads\/2024\/03\/428404270_828801659051798_9104764171206256596_n.jpg 2048w, https:\/\/suttoko.hu\/wp-content\/uploads\/2024\/03\/428404270_828801659051798_9104764171206256596_n-300x200.jpg 300w, https:\/\/suttoko.hu\/wp-content\/uploads\/2024\/03\/428404270_828801659051798_9104764171206256596_n-1024x683.jpg 1024w, https:\/\/suttoko.hu\/wp-content\/uploads\/2024\/03\/428404270_828801659051798_9104764171206256596_n-768x512.jpg 768w, https:\/\/suttoko.hu\/wp-content\/uploads\/2024\/03\/428404270_828801659051798_9104764171206256596_n-1536x1025.jpg 1536w, https:\/\/suttoko.hu\/wp-content\/uploads\/2024\/03\/428404270_828801659051798_9104764171206256596_n-600x400.jpg 600w\" sizes=\"(max-width: 2048px) 100vw, 2048px\" \/>\t\t\t\t\t\t\t\t\t\t\t\t\t\t\t<\/div>\n\t\t\t\t<\/div>\n\t\t\t\t<div class=\"elementor-element elementor-element-68c07cc7 elementor-widget elementor-widget-heading\" data-id=\"68c07cc7\" data-element_type=\"widget\" data-widget_type=\"heading.default\">\n\t\t\t\t<div class=\"elementor-widget-container\">\n\t\t\t\t\t<h2 class=\"elementor-heading-title elementor-size-default\">K\u0151- \u00e9s betont\u00f6r\u00e9s, k\u0151oszt\u00e1lyoz\u00e1s<\/h2>\t\t\t\t<\/div>\n\t\t\t\t<\/div>\n\t\t\t\t\t<\/div>\n\t\t<\/div>\n\t\t\t\t<div class=\"elementor-column elementor-col-50 elementor-inner-column elementor-element elementor-element-5c67738\" data-id=\"5c67738\" data-element_type=\"column\">\n\t\t\t<div class=\"elementor-widget-wrap elementor-element-populated\">\n\t\t\t\t\t\t<div class=\"elementor-element elementor-element-2f15cbeb elementor-widget elementor-widget-image\" data-id=\"2f15cbeb\" data-element_type=\"widget\" data-widget_type=\"image.default\">\n\t\t\t\t<div class=\"elementor-widget-container\">\n\t\t\t\t\t\t\t\t\t\t\t\t\t\t\t<img loading=\"lazy\" decoding=\"async\" width=\"1280\" height=\"853\" src=\"https:\/\/suttoko.hu\/wp-content\/uploads\/2024\/03\/truck-2677373_1280.jpg\" class=\"attachment-full size-full wp-image-546\" alt=\"\" srcset=\"https:\/\/suttoko.hu\/wp-content\/uploads\/2024\/03\/truck-2677373_1280.jpg 1280w, https:\/\/suttoko.hu\/wp-content\/uploads\/2024\/03\/truck-2677373_1280-300x200.jpg 300w, https:\/\/suttoko.hu\/wp-content\/uploads\/2024\/03\/truck-2677373_1280-1024x682.jpg 1024w, https:\/\/suttoko.hu\/wp-content\/uploads\/2024\/03\/truck-2677373_1280-768x512.jpg 768w, https:\/\/suttoko.hu\/wp-content\/uploads\/2024\/03\/truck-2677373_1280-600x400.jpg 600w\" sizes=\"(max-width: 1280px) 100vw, 1280px\" \/>\t\t\t\t\t\t\t\t\t\t\t\t\t\t\t<\/div>\n\t\t\t\t<\/div>\n\t\t\t\t<div class=\"elementor-element elementor-element-2ac48eea elementor-widget elementor-widget-heading\" data-id=\"2ac48eea\" data-element_type=\"widget\" data-widget_type=\"heading.default\">\n\t\t\t\t<div class=\"elementor-widget-container\">\n\t\t\t\t\t<h2 class=\"elementor-heading-title elementor-size-default\">Fuvaroz\u00e1s<\/h2>\t\t\t\t<\/div>\n\t\t\t\t<\/div>\n\t\t\t\t\t<\/div>\n\t\t<\/div>\n\t\t\t\t\t<\/div>\n\t\t<\/section>\n\t\t\t\t\t<\/div>\n\t\t<\/div>\n\t\t\t\t\t<\/div>\n\t\t<\/section>\n\t\t\t\t<section class=\"elementor-section elementor-top-section elementor-element elementor-element-482fbfe5 elementor-section-boxed elementor-section-height-default elementor-section-height-default\" data-id=\"482fbfe5\" data-element_type=\"section\">\n\t\t\t\t\t\t<div class=\"elementor-container elementor-column-gap-default\">\n\t\t\t\t\t<div class=\"elementor-column elementor-col-100 elementor-top-column elementor-element elementor-element-6a5cae51\" data-id=\"6a5cae51\" data-element_type=\"column\">\n\t\t\t<div class=\"elementor-widget-wrap elementor-element-populated\">\n\t\t\t\t\t\t<div class=\"elementor-element elementor-element-1b0e00a3 elementor-widget elementor-widget-heading\" data-id=\"1b0e00a3\" data-element_type=\"widget\" data-widget_type=\"heading.default\">\n\t\t\t\t<div class=\"elementor-widget-container\">\n\t\t\t\t\t<h2 class=\"elementor-heading-title elementor-size-default\">K\u00e9rd\u00e9sed van? H\u00edvj minket: +36 33 508 740<\/h2>\t\t\t\t<\/div>\n\t\t\t\t<\/div>\n\t\t\t\t\t<\/div>\n\t\t<\/div>\n\t\t\t\t\t<\/div>\n\t\t<\/section>\n\t\t\t\t<\/div>\n\t\t","protected":false},"excerpt":{"rendered":"<p>Szolg\u00e1ltat\u00e1sok Term\u00e9keink mellett szolg\u00e1ltat\u00e1sainkkal is szeretn\u00e9nk seg\u00edteni elk\u00e9pzel\u00e9seid megval\u00f3s\u00edt\u00e1s\u00e1ban Ha szeretn\u00e9d ig\u00e9nybe venni szolg\u00e1ltat\u00e1sainkat, keress minket el\u00e9rhet\u0151s\u00e9geink egyik\u00e9n! F\u00f6ldmunka K\u0151sz\u00e1ll\u00edt\u00e1s K\u0151- \u00e9s betont\u00f6r\u00e9s, k\u0151oszt\u00e1lyoz\u00e1s Fuvaroz\u00e1s K\u00e9rd\u00e9sed van? H\u00edvj minket: +36 33 508 740<\/p>\n","protected":false},"author":1,"featured_media":0,"parent":0,"menu_order":0,"comment_status":"closed","ping_status":"closed","template":"","meta":{"footnotes":""},"class_list":["post-488","page","type-page","status-publish","hentry","entry","owp-thumbs-layout-horizontal","owp-btn-normal","owp-tabs-layout-horizontal","has-no-thumbnails"],"_links":{"self":[{"href":"https:\/\/suttoko.hu\/index.php\/wp-json\/wp\/v2\/pages\/488","targetHints":{"allow":["GET"]}}],"collection":[{"href":"https:\/\/suttoko.hu\/index.php\/wp-json\/wp\/v2\/pages"}],"about":[{"href":"https:\/\/suttoko.hu\/index.php\/wp-json\/wp\/v2\/types\/page"}],"author":[{"embeddable":true,"href":"https:\/\/suttoko.hu\/index.php\/wp-json\/wp\/v2\/users\/1"}],"replies":[{"embeddable":true,"href":"https:\/\/suttoko.hu\/index.php\/wp-json\/wp\/v2\/comments?post=488"}],"version-history":[{"count":3,"href":"https:\/\/suttoko.hu\/index.php\/wp-json\/wp\/v2\/pages\/488\/revisions"}],"predecessor-version":[{"id":549,"href":"https:\/\/suttoko.hu\/index.php\/wp-json\/wp\/v2\/pages\/488\/revisions\/549"}],"wp:attachment":[{"href":"https:\/\/suttoko.hu\/index.php\/wp-json\/wp\/v2\/media?parent=488"}],"curies":[{"name":"wp","href":"https:\/\/api.w.org\/{rel}","templated":true}]}}