{"id":468,"date":"2024-03-08T13:12:54","date_gmt":"2024-03-08T13:12:54","guid":{"rendered":"https:\/\/suttoko.hu\/?page_id=468"},"modified":"2024-03-08T13:13:54","modified_gmt":"2024-03-08T13:13:54","slug":"innovacio-a-kofeldolgozasban","status":"publish","type":"page","link":"https:\/\/suttoko.hu\/index.php\/innovacio-a-kofeldolgozasban\/","title":{"rendered":"Innov\u00e1ci\u00f3 A K\u0151feldolgoz\u00e1sban"},"content":{"rendered":"\t\t<div data-elementor-type=\"wp-page\" data-elementor-id=\"468\" class=\"elementor elementor-468\" data-elementor-post-type=\"page\">\n\t\t\t\t\t\t<section class=\"elementor-section elementor-top-section elementor-element elementor-element-328b85ed elementor-section-boxed elementor-section-height-default elementor-section-height-default\" data-id=\"328b85ed\" data-element_type=\"section\" data-settings=\"{&quot;background_background&quot;:&quot;classic&quot;}\">\n\t\t\t\t\t\t<div class=\"elementor-container elementor-column-gap-default\">\n\t\t\t\t\t<div class=\"elementor-column elementor-col-100 elementor-top-column elementor-element elementor-element-515ffec2\" data-id=\"515ffec2\" data-element_type=\"column\">\n\t\t\t<div class=\"elementor-widget-wrap elementor-element-populated\">\n\t\t\t\t\t\t<div class=\"elementor-element elementor-element-5929455a elementor-widget elementor-widget-heading\" data-id=\"5929455a\" data-element_type=\"widget\" data-widget_type=\"heading.default\">\n\t\t\t\t<div class=\"elementor-widget-container\">\n\t\t\t\t\t<h1 class=\"elementor-heading-title elementor-size-default\">Innov\u00e1ci\u00f3 A K\u0151feldolgoz\u00e1sban<\/h1>\t\t\t\t<\/div>\n\t\t\t\t<\/div>\n\t\t\t\t<div class=\"elementor-element elementor-element-3ae4d4cb elementor-widget elementor-widget-text-editor\" data-id=\"3ae4d4cb\" data-element_type=\"widget\" data-widget_type=\"text-editor.default\">\n\t\t\t\t<div class=\"elementor-widget-container\">\n\t\t\t\t\t\t\t\t\t<ul><li>A projekt azonos\u00edt\u00f3 sz\u00e1ma: GINOP-2.1.8-17-2018-02712<\/li><li>A t\u00e1mogat\u00e1s m\u00e9rt\u00e9ke: 49.54583%<\/li><li>A projekt t\u00e9nyleges befejez\u00e9si d\u00e1tuma: 2019.06.21.<\/li><li>A kedvezm\u00e9nyezett neve: S\u00fctt\u0151i Travertin Kft.<\/li><li>A projekt c\u00edme: Innov\u00e1ci\u00f3 a k\u0151feldolgoz\u00e1sban<\/li><li>A szerz\u0151d\u00f6tt t\u00e1mogat\u00e1s \u00f6sszege: 30 000 000 Ft<\/li><\/ul>\t\t\t\t\t\t\t\t<\/div>\n\t\t\t\t<\/div>\n\t\t\t\t\t<\/div>\n\t\t<\/div>\n\t\t\t\t\t<\/div>\n\t\t<\/section>\n\t\t\t\t<section class=\"elementor-section elementor-top-section elementor-element elementor-element-311724ad project-section elementor-section-boxed elementor-section-height-default elementor-section-height-default\" data-id=\"311724ad\" data-element_type=\"section\">\n\t\t\t\t\t\t<div class=\"elementor-container elementor-column-gap-default\">\n\t\t\t\t\t<div class=\"elementor-column elementor-col-100 elementor-top-column elementor-element elementor-element-4bc6d00\" data-id=\"4bc6d00\" data-element_type=\"column\">\n\t\t\t<div class=\"elementor-widget-wrap elementor-element-populated\">\n\t\t\t\t\t\t<section class=\"elementor-section elementor-inner-section elementor-element elementor-element-449328b5 project-content elementor-section-boxed elementor-section-height-default elementor-section-height-default\" data-id=\"449328b5\" data-element_type=\"section\">\n\t\t\t\t\t\t<div class=\"elementor-container elementor-column-gap-default\">\n\t\t\t\t\t<div class=\"elementor-column elementor-col-100 elementor-inner-column elementor-element elementor-element-1312cebb\" data-id=\"1312cebb\" data-element_type=\"column\">\n\t\t\t<div class=\"elementor-widget-wrap elementor-element-populated\">\n\t\t\t\t\t\t<div class=\"elementor-element elementor-element-7d40dded elementor-widget elementor-widget-heading\" data-id=\"7d40dded\" data-element_type=\"widget\" data-widget_type=\"heading.default\">\n\t\t\t\t<div class=\"elementor-widget-container\">\n\t\t\t\t\t<h2 class=\"elementor-heading-title elementor-size-default\">A projekt tartalm\u00e1nak bemutat\u00e1sa:<\/h2>\t\t\t\t<\/div>\n\t\t\t\t<\/div>\n\t\t\t\t<div class=\"elementor-element elementor-element-68f5eef1 elementor-widget elementor-widget-text-editor\" data-id=\"68f5eef1\" data-element_type=\"widget\" data-widget_type=\"text-editor.default\">\n\t\t\t\t<div class=\"elementor-widget-container\">\n\t\t\t\t\t\t\t\t\t<p style=\"font-weight: 400;\">A projekt c\u00e9lja a v\u00e1llalkoz\u00e1s burkol\u00f3 k\u0151lap gy\u00e1rt\u00f3 kapacit\u00e1s\u00e1nak fejleszt\u00e9se volt. A projekt keret\u00e9ben beszerz\u00e9sre ker\u00fclt egy db. Monofil BM 2300 t\u00edpus\u00fa gy\u00e9m\u00e1nthuzalos v\u00e1g\u00f3g\u00e9p. Az eszk\u00f6z a nagym\u00e9ret\u0171 m\u00e9szk\u0151 t\u00f6mb\u00f6k els\u0151dleges darabol\u00e1s\u00e1ra alkalmas. A maxim\u00e1lis v\u00e1g\u00e1si tartom\u00e1ny: 4000mm hossz\u00fa, 2200mm magas blokk. A k\u0151t\u00f6mb v\u00e1g\u00e1s\u00e1t speci\u00e1lis gy\u00e9m\u00e1nt dr\u00f3thuzal v\u00e9gzi. A g\u00e9phez tartozik egy motoriz\u00e1lt forgat\u00f3 asztal, amelyen mozgathat\u00f3 a v\u00e1gni k\u00edv\u00e1nt k\u0151t\u00f6mb. A gy\u00e9m\u00e1nt dr\u00f3tv\u00e1g\u00f3 g\u00e9ppel a nagy k\u0151t\u00f6mb\u00f6kb\u0151l vastag k\u0151lapok v\u00e1ghat\u00f3ak, amelyek m\u00e1r alkalmasak a tov\u00e1bbi feldolgoz\u00e1sra, burkol\u00f3lap gy\u00e1rt\u00e1sra.<\/p>\t\t\t\t\t\t\t\t<\/div>\n\t\t\t\t<\/div>\n\t\t\t\t<div class=\"elementor-element elementor-element-51fc9fb elementor-widget elementor-widget-text-editor\" data-id=\"51fc9fb\" data-element_type=\"widget\" data-widget_type=\"text-editor.default\">\n\t\t\t\t<div class=\"elementor-widget-container\">\n\t\t\t\t\t\t\t\t\t<p style=\"font-weight: 400;\">Beszerz\u00e9sre ker\u00fclt tov\u00e1bb\u00e1 egy darab PP90 k\u0151f\u00far\u00f3 g\u00e9p.<\/p><p style=\"font-weight: 400;\">A PP90 egy speci\u00e1lis k\u0151f\u00far\u00f3 g\u00e9p, amellyel prec\u00edzi\u00f3s furatok, lyukak k\u00e9sz\u00edthet\u0151ek a k\u0151t\u00f6mb\u00f6kbe. Ilyen jelleg\u0171 k\u0151f\u00f3r\u00fa g\u00e9ppel kor\u00e1bban nem rendelkezett a v\u00e1llalkoz\u00e1sunk. A PP90 hidraulikus f\u00far\u00f3g\u00e9p rendk\u00edv\u00fcl innovat\u00edv eszk\u00f6z, alkalmas f\u00fcgg\u0151leges \u00e9s v\u00edzszintes f\u00far\u00e1sra is. Alkalmas gr\u00e1nit \u00e9s m\u00e1s nagyon kem\u00e9ny k\u00f6vek f\u00far\u00e1s\u00e1ra is. A kett\u0151s hengeres vezet\u0151 rendszer lehet\u0151v\u00e9 teszi a furat t\u00f6k\u00e9letes be\u00e1ll\u00edt\u00e1s\u00e1t, megakad\u00e1lyozva a torzul\u00e1st, elmozdul\u00e1st. A hidraulikus rendszer biztos\u00edtja a folyamatos nyom\u00e1st a f\u00far\u00f3kalap\u00e1cson, ennek k\u00f6sz\u00f6nhet\u0151 a f\u00far\u00e1s maxim\u00e1lis hat\u00e9konys\u00e1ga \u00e9s \u00e1lland\u00f3s\u00e1ga. A furat \u00e1tm\u00e9r\u0151je 60-90-105 mm lehet, hossza max 1000 mm. Mind a feldolgoz\u00e1s sor\u00e1n, mind a term\u00e9kfejleszt\u00e9s sor\u00e1n nagyon j\u00f3l hasznos\u00edthat\u00f3 eszk\u00f6z. Seg\u00edts\u00e9g\u00e9vel egyedi term\u00e9kek k\u00e9sz\u00edthet\u0151ek.<\/p>\t\t\t\t\t\t\t\t<\/div>\n\t\t\t\t<\/div>\n\t\t\t\t\t<\/div>\n\t\t<\/div>\n\t\t\t\t\t<\/div>\n\t\t<\/section>\n\t\t\t\t<section class=\"elementor-section elementor-inner-section elementor-element elementor-element-fccbdfb image-gallery elementor-section-boxed elementor-section-height-default elementor-section-height-default\" data-id=\"fccbdfb\" data-element_type=\"section\">\n\t\t\t\t\t\t<div class=\"elementor-container elementor-column-gap-default\">\n\t\t\t\t\t<div class=\"elementor-column elementor-col-100 elementor-inner-column elementor-element elementor-element-1ba4a639\" data-id=\"1ba4a639\" data-element_type=\"column\">\n\t\t\t<div class=\"elementor-widget-wrap elementor-element-populated\">\n\t\t\t\t\t\t<div class=\"elementor-element elementor-element-d45c791 elementor-widget elementor-widget-gallery\" data-id=\"d45c791\" data-element_type=\"widget\" data-settings=\"{&quot;lazyload&quot;:&quot;yes&quot;,&quot;gallery_layout&quot;:&quot;grid&quot;,&quot;columns&quot;:4,&quot;columns_tablet&quot;:2,&quot;columns_mobile&quot;:1,&quot;gap&quot;:{&quot;unit&quot;:&quot;px&quot;,&quot;size&quot;:10,&quot;sizes&quot;:[]},&quot;gap_tablet&quot;:{&quot;unit&quot;:&quot;px&quot;,&quot;size&quot;:10,&quot;sizes&quot;:[]},&quot;gap_mobile&quot;:{&quot;unit&quot;:&quot;px&quot;,&quot;size&quot;:10,&quot;sizes&quot;:[]},&quot;link_to&quot;:&quot;file&quot;,&quot;aspect_ratio&quot;:&quot;3:2&quot;,&quot;overlay_background&quot;:&quot;yes&quot;,&quot;content_hover_animation&quot;:&quot;fade-in&quot;}\" data-widget_type=\"gallery.default\">\n\t\t\t\t<div class=\"elementor-widget-container\">\n\t\t\t\t\t\t\t<div class=\"elementor-gallery__container\">\n\t\t\t\t\t\t\t<a class=\"e-gallery-item elementor-gallery-item elementor-animated-content\" href=\"https:\/\/suttoko.hu\/wp-content\/uploads\/2024\/03\/BM2300-scaled.jpeg\" data-elementor-open-lightbox=\"yes\" data-elementor-lightbox-slideshow=\"d45c791\" data-elementor-lightbox-title=\"BM2300\" data-e-action-hash=\"#elementor-action%3Aaction%3Dlightbox%26settings%3DeyJpZCI6NDY5LCJ1cmwiOiJodHRwczpcL1wvc3V0dG9rby5odVwvd3AtY29udGVudFwvdXBsb2Fkc1wvMjAyNFwvMDNcL0JNMjMwMC1zY2FsZWQuanBlZyIsInNsaWRlc2hvdyI6ImQ0NWM3OTEifQ%3D%3D\">\n\t\t\t\t\t<div class=\"e-gallery-image elementor-gallery-item__image\" data-thumbnail=\"https:\/\/suttoko.hu\/wp-content\/uploads\/2024\/03\/BM2300-300x225.jpeg\" data-width=\"300\" data-height=\"225\" aria-label=\"\" role=\"img\" ><\/div>\n\t\t\t\t\t\t\t\t\t\t\t<div class=\"elementor-gallery-item__overlay\"><\/div>\n\t\t\t\t\t\t\t\t\t\t\t\t\t\t<\/a>\n\t\t\t\t\t\t\t<a class=\"e-gallery-item elementor-gallery-item elementor-animated-content\" href=\"https:\/\/suttoko.hu\/wp-content\/uploads\/2024\/03\/image1-scaled.jpeg\" data-elementor-open-lightbox=\"yes\" data-elementor-lightbox-slideshow=\"d45c791\" data-elementor-lightbox-title=\"image1\" data-e-action-hash=\"#elementor-action%3Aaction%3Dlightbox%26settings%3DeyJpZCI6NDcyLCJ1cmwiOiJodHRwczpcL1wvc3V0dG9rby5odVwvd3AtY29udGVudFwvdXBsb2Fkc1wvMjAyNFwvMDNcL2ltYWdlMS1zY2FsZWQuanBlZyIsInNsaWRlc2hvdyI6ImQ0NWM3OTEifQ%3D%3D\">\n\t\t\t\t\t<div class=\"e-gallery-image elementor-gallery-item__image\" data-thumbnail=\"https:\/\/suttoko.hu\/wp-content\/uploads\/2024\/03\/image1-300x225.jpeg\" data-width=\"300\" data-height=\"225\" aria-label=\"\" role=\"img\" ><\/div>\n\t\t\t\t\t\t\t\t\t\t\t<div class=\"elementor-gallery-item__overlay\"><\/div>\n\t\t\t\t\t\t\t\t\t\t\t\t\t\t<\/a>\n\t\t\t\t\t\t\t<a class=\"e-gallery-item elementor-gallery-item elementor-animated-content\" href=\"https:\/\/suttoko.hu\/wp-content\/uploads\/2024\/03\/IMG-06.jpg\" data-elementor-open-lightbox=\"yes\" data-elementor-lightbox-slideshow=\"d45c791\" data-elementor-lightbox-title=\"IMG-06\" data-e-action-hash=\"#elementor-action%3Aaction%3Dlightbox%26settings%3DeyJpZCI6NDc0LCJ1cmwiOiJodHRwczpcL1wvc3V0dG9rby5odVwvd3AtY29udGVudFwvdXBsb2Fkc1wvMjAyNFwvMDNcL0lNRy0wNi5qcGciLCJzbGlkZXNob3ciOiJkNDVjNzkxIn0%3D\">\n\t\t\t\t\t<div class=\"e-gallery-image elementor-gallery-item__image\" data-thumbnail=\"https:\/\/suttoko.hu\/wp-content\/uploads\/2024\/03\/IMG-06-225x300.jpg\" data-width=\"225\" data-height=\"300\" aria-label=\"\" role=\"img\" ><\/div>\n\t\t\t\t\t\t\t\t\t\t\t<div class=\"elementor-gallery-item__overlay\"><\/div>\n\t\t\t\t\t\t\t\t\t\t\t\t\t\t<\/a>\n\t\t\t\t\t\t\t<a class=\"e-gallery-item elementor-gallery-item elementor-animated-content\" href=\"https:\/\/suttoko.hu\/wp-content\/uploads\/2024\/03\/IMG-0612.jpg\" data-elementor-open-lightbox=\"yes\" data-elementor-lightbox-slideshow=\"d45c791\" data-elementor-lightbox-title=\"IMG-0612\" data-e-action-hash=\"#elementor-action%3Aaction%3Dlightbox%26settings%3DeyJpZCI6NDc1LCJ1cmwiOiJodHRwczpcL1wvc3V0dG9rby5odVwvd3AtY29udGVudFwvdXBsb2Fkc1wvMjAyNFwvMDNcL0lNRy0wNjEyLmpwZyIsInNsaWRlc2hvdyI6ImQ0NWM3OTEifQ%3D%3D\">\n\t\t\t\t\t<div class=\"e-gallery-image elementor-gallery-item__image\" data-thumbnail=\"https:\/\/suttoko.hu\/wp-content\/uploads\/2024\/03\/IMG-0612-225x300.jpg\" data-width=\"225\" data-height=\"300\" aria-label=\"\" role=\"img\" ><\/div>\n\t\t\t\t\t\t\t\t\t\t\t<div class=\"elementor-gallery-item__overlay\"><\/div>\n\t\t\t\t\t\t\t\t\t\t\t\t\t\t<\/a>\n\t\t\t\t\t\t\t<a class=\"e-gallery-item elementor-gallery-item elementor-animated-content\" href=\"https:\/\/suttoko.hu\/wp-content\/uploads\/2024\/03\/IMG-0613.jpg\" data-elementor-open-lightbox=\"yes\" data-elementor-lightbox-slideshow=\"d45c791\" data-elementor-lightbox-title=\"IMG-0613\" data-e-action-hash=\"#elementor-action%3Aaction%3Dlightbox%26settings%3DeyJpZCI6NDc3LCJ1cmwiOiJodHRwczpcL1wvc3V0dG9rby5odVwvd3AtY29udGVudFwvdXBsb2Fkc1wvMjAyNFwvMDNcL0lNRy0wNjEzLmpwZyIsInNsaWRlc2hvdyI6ImQ0NWM3OTEifQ%3D%3D\">\n\t\t\t\t\t<div class=\"e-gallery-image elementor-gallery-item__image\" data-thumbnail=\"https:\/\/suttoko.hu\/wp-content\/uploads\/2024\/03\/IMG-0613-225x300.jpg\" data-width=\"225\" data-height=\"300\" aria-label=\"\" role=\"img\" ><\/div>\n\t\t\t\t\t\t\t\t\t\t\t<div class=\"elementor-gallery-item__overlay\"><\/div>\n\t\t\t\t\t\t\t\t\t\t\t\t\t\t<\/a>\n\t\t\t\t\t\t\t<a class=\"e-gallery-item elementor-gallery-item elementor-animated-content\" href=\"https:\/\/suttoko.hu\/wp-content\/uploads\/2024\/03\/IMG-0615.jpg\" data-elementor-open-lightbox=\"yes\" data-elementor-lightbox-slideshow=\"d45c791\" data-elementor-lightbox-title=\"IMG-0615\" data-e-action-hash=\"#elementor-action%3Aaction%3Dlightbox%26settings%3DeyJpZCI6NDc4LCJ1cmwiOiJodHRwczpcL1wvc3V0dG9rby5odVwvd3AtY29udGVudFwvdXBsb2Fkc1wvMjAyNFwvMDNcL0lNRy0wNjE1LmpwZyIsInNsaWRlc2hvdyI6ImQ0NWM3OTEifQ%3D%3D\">\n\t\t\t\t\t<div class=\"e-gallery-image elementor-gallery-item__image\" data-thumbnail=\"https:\/\/suttoko.hu\/wp-content\/uploads\/2024\/03\/IMG-0615-225x300.jpg\" data-width=\"225\" data-height=\"300\" aria-label=\"\" role=\"img\" ><\/div>\n\t\t\t\t\t\t\t\t\t\t\t<div class=\"elementor-gallery-item__overlay\"><\/div>\n\t\t\t\t\t\t\t\t\t\t\t\t\t\t<\/a>\n\t\t\t\t\t\t\t<a class=\"e-gallery-item elementor-gallery-item elementor-animated-content\" href=\"https:\/\/suttoko.hu\/wp-content\/uploads\/2024\/03\/IMG-0616.jpg\" data-elementor-open-lightbox=\"yes\" data-elementor-lightbox-slideshow=\"d45c791\" data-elementor-lightbox-title=\"IMG-0616\" data-e-action-hash=\"#elementor-action%3Aaction%3Dlightbox%26settings%3DeyJpZCI6NDc5LCJ1cmwiOiJodHRwczpcL1wvc3V0dG9rby5odVwvd3AtY29udGVudFwvdXBsb2Fkc1wvMjAyNFwvMDNcL0lNRy0wNjE2LmpwZyIsInNsaWRlc2hvdyI6ImQ0NWM3OTEifQ%3D%3D\">\n\t\t\t\t\t<div class=\"e-gallery-image elementor-gallery-item__image\" data-thumbnail=\"https:\/\/suttoko.hu\/wp-content\/uploads\/2024\/03\/IMG-0616-225x300.jpg\" data-width=\"225\" data-height=\"300\" aria-label=\"\" role=\"img\" ><\/div>\n\t\t\t\t\t\t\t\t\t\t\t<div class=\"elementor-gallery-item__overlay\"><\/div>\n\t\t\t\t\t\t\t\t\t\t\t\t\t\t<\/a>\n\t\t\t\t\t\t\t<a class=\"e-gallery-item elementor-gallery-item elementor-animated-content\" href=\"https:\/\/suttoko.hu\/wp-content\/uploads\/2024\/03\/IMG-0618.jpg\" data-elementor-open-lightbox=\"yes\" data-elementor-lightbox-slideshow=\"d45c791\" data-elementor-lightbox-title=\"IMG-0618\" data-e-action-hash=\"#elementor-action%3Aaction%3Dlightbox%26settings%3DeyJpZCI6NDgwLCJ1cmwiOiJodHRwczpcL1wvc3V0dG9rby5odVwvd3AtY29udGVudFwvdXBsb2Fkc1wvMjAyNFwvMDNcL0lNRy0wNjE4LmpwZyIsInNsaWRlc2hvdyI6ImQ0NWM3OTEifQ%3D%3D\">\n\t\t\t\t\t<div class=\"e-gallery-image elementor-gallery-item__image\" data-thumbnail=\"https:\/\/suttoko.hu\/wp-content\/uploads\/2024\/03\/IMG-0618-225x300.jpg\" data-width=\"225\" data-height=\"300\" aria-label=\"\" role=\"img\" ><\/div>\n\t\t\t\t\t\t\t\t\t\t\t<div class=\"elementor-gallery-item__overlay\"><\/div>\n\t\t\t\t\t\t\t\t\t\t\t\t\t\t<\/a>\n\t\t\t\t\t\t\t<a class=\"e-gallery-item elementor-gallery-item elementor-animated-content\" href=\"https:\/\/suttoko.hu\/wp-content\/uploads\/2024\/03\/IMG-0620.jpg\" data-elementor-open-lightbox=\"yes\" data-elementor-lightbox-slideshow=\"d45c791\" data-elementor-lightbox-title=\"IMG-0620\" data-e-action-hash=\"#elementor-action%3Aaction%3Dlightbox%26settings%3DeyJpZCI6NDgxLCJ1cmwiOiJodHRwczpcL1wvc3V0dG9rby5odVwvd3AtY29udGVudFwvdXBsb2Fkc1wvMjAyNFwvMDNcL0lNRy0wNjIwLmpwZyIsInNsaWRlc2hvdyI6ImQ0NWM3OTEifQ%3D%3D\">\n\t\t\t\t\t<div class=\"e-gallery-image elementor-gallery-item__image\" data-thumbnail=\"https:\/\/suttoko.hu\/wp-content\/uploads\/2024\/03\/IMG-0620-300x225.jpg\" data-width=\"300\" data-height=\"225\" aria-label=\"\" role=\"img\" ><\/div>\n\t\t\t\t\t\t\t\t\t\t\t<div class=\"elementor-gallery-item__overlay\"><\/div>\n\t\t\t\t\t\t\t\t\t\t\t\t\t\t<\/a>\n\t\t\t\t\t\t\t<a class=\"e-gallery-item elementor-gallery-item elementor-animated-content\" href=\"https:\/\/suttoko.hu\/wp-content\/uploads\/2024\/03\/kijelzo-scaled.jpeg\" data-elementor-open-lightbox=\"yes\" data-elementor-lightbox-slideshow=\"d45c791\" data-elementor-lightbox-title=\"kijelzo\" data-e-action-hash=\"#elementor-action%3Aaction%3Dlightbox%26settings%3DeyJpZCI6NDgyLCJ1cmwiOiJodHRwczpcL1wvc3V0dG9rby5odVwvd3AtY29udGVudFwvdXBsb2Fkc1wvMjAyNFwvMDNcL2tpamVsem8tc2NhbGVkLmpwZWciLCJzbGlkZXNob3ciOiJkNDVjNzkxIn0%3D\">\n\t\t\t\t\t<div class=\"e-gallery-image elementor-gallery-item__image\" data-thumbnail=\"https:\/\/suttoko.hu\/wp-content\/uploads\/2024\/03\/kijelzo-225x300.jpeg\" data-width=\"225\" data-height=\"300\" aria-label=\"\" role=\"img\" ><\/div>\n\t\t\t\t\t\t\t\t\t\t\t<div class=\"elementor-gallery-item__overlay\"><\/div>\n\t\t\t\t\t\t\t\t\t\t\t\t\t\t<\/a>\n\t\t\t\t\t<\/div>\n\t\t\t\t\t<\/div>\n\t\t\t\t<\/div>\n\t\t\t\t\t<\/div>\n\t\t<\/div>\n\t\t\t\t\t<\/div>\n\t\t<\/section>\n\t\t\t\t\t<\/div>\n\t\t<\/div>\n\t\t\t\t\t<\/div>\n\t\t<\/section>\n\t\t\t\t<\/div>\n\t\t","protected":false},"excerpt":{"rendered":"<p>Innov\u00e1ci\u00f3 A K\u0151feldolgoz\u00e1sban A projekt azonos\u00edt\u00f3 sz\u00e1ma: GINOP-2.1.8-17-2018-02712 A t\u00e1mogat\u00e1s m\u00e9rt\u00e9ke: 49.54583% A projekt t\u00e9nyleges befejez\u00e9si d\u00e1tuma: 2019.06.21. A kedvezm\u00e9nyezett neve: S\u00fctt\u0151i Travertin Kft. A projekt c\u00edme: Innov\u00e1ci\u00f3 a k\u0151feldolgoz\u00e1sban A szerz\u0151d\u00f6tt t\u00e1mogat\u00e1s \u00f6sszege: 30 000 000 Ft A projekt tartalm\u00e1nak bemutat\u00e1sa: A projekt c\u00e9lja a v\u00e1llalkoz\u00e1s burkol\u00f3 k\u0151lap gy\u00e1rt\u00f3 kapacit\u00e1s\u00e1nak fejleszt\u00e9se volt. A projekt [&hellip;]<\/p>\n","protected":false},"author":1,"featured_media":0,"parent":0,"menu_order":0,"comment_status":"closed","ping_status":"closed","template":"","meta":{"footnotes":""},"class_list":["post-468","page","type-page","status-publish","hentry","entry","owp-thumbs-layout-horizontal","owp-btn-normal","owp-tabs-layout-horizontal","has-no-thumbnails"],"_links":{"self":[{"href":"https:\/\/suttoko.hu\/index.php\/wp-json\/wp\/v2\/pages\/468","targetHints":{"allow":["GET"]}}],"collection":[{"href":"https:\/\/suttoko.hu\/index.php\/wp-json\/wp\/v2\/pages"}],"about":[{"href":"https:\/\/suttoko.hu\/index.php\/wp-json\/wp\/v2\/types\/page"}],"author":[{"embeddable":true,"href":"https:\/\/suttoko.hu\/index.php\/wp-json\/wp\/v2\/users\/1"}],"replies":[{"embeddable":true,"href":"https:\/\/suttoko.hu\/index.php\/wp-json\/wp\/v2\/comments?post=468"}],"version-history":[{"count":3,"href":"https:\/\/suttoko.hu\/index.php\/wp-json\/wp\/v2\/pages\/468\/revisions"}],"predecessor-version":[{"id":486,"href":"https:\/\/suttoko.hu\/index.php\/wp-json\/wp\/v2\/pages\/468\/revisions\/486"}],"wp:attachment":[{"href":"https:\/\/suttoko.hu\/index.php\/wp-json\/wp\/v2\/media?parent=468"}],"curies":[{"name":"wp","href":"https:\/\/api.w.org\/{rel}","templated":true}]}}