{"id":1534,"date":"2024-11-21T12:19:54","date_gmt":"2024-11-21T12:19:54","guid":{"rendered":"https:\/\/suttoko.hu\/?page_id=1534"},"modified":"2024-11-21T12:22:41","modified_gmt":"2024-11-21T12:22:41","slug":"1534-2","status":"publish","type":"page","link":"https:\/\/suttoko.hu\/index.php\/1534-2\/","title":{"rendered":"Adatkezel\u00e9si t\u00e1j\u00e9koztat\u00f3"},"content":{"rendered":"<p><iframe width='100%' height='1000' src='https:\/\/api.virtualjog.hu\/api\/v1\/document\/8282?access-token=492780b89743a65300dd82fd8c05f2c2' frameborder='0'><\/iframe><\/p>\n","protected":false},"excerpt":{"rendered":"","protected":false},"author":1,"featured_media":0,"parent":0,"menu_order":0,"comment_status":"closed","ping_status":"closed","template":"","meta":{"footnotes":""},"class_list":["post-1534","page","type-page","status-publish","hentry","entry","owp-thumbs-layout-horizontal","owp-btn-normal","owp-tabs-layout-horizontal","has-no-thumbnails"],"_links":{"self":[{"href":"https:\/\/suttoko.hu\/index.php\/wp-json\/wp\/v2\/pages\/1534","targetHints":{"allow":["GET"]}}],"collection":[{"href":"https:\/\/suttoko.hu\/index.php\/wp-json\/wp\/v2\/pages"}],"about":[{"href":"https:\/\/suttoko.hu\/index.php\/wp-json\/wp\/v2\/types\/page"}],"author":[{"embeddable":true,"href":"https:\/\/suttoko.hu\/index.php\/wp-json\/wp\/v2\/users\/1"}],"replies":[{"embeddable":true,"href":"https:\/\/suttoko.hu\/index.php\/wp-json\/wp\/v2\/comments?post=1534"}],"version-history":[{"count":2,"href":"https:\/\/suttoko.hu\/index.php\/wp-json\/wp\/v2\/pages\/1534\/revisions"}],"predecessor-version":[{"id":1539,"href":"https:\/\/suttoko.hu\/index.php\/wp-json\/wp\/v2\/pages\/1534\/revisions\/1539"}],"wp:attachment":[{"href":"https:\/\/suttoko.hu\/index.php\/wp-json\/wp\/v2\/media?parent=1534"}],"curies":[{"name":"wp","href":"https:\/\/api.w.org\/{rel}","templated":true}]}}