{"id":121,"date":"2024-02-19T12:14:06","date_gmt":"2024-02-19T12:14:06","guid":{"rendered":"https:\/\/suttoko.hu\/index.php\/kosar\/"},"modified":"2024-05-28T21:01:44","modified_gmt":"2024-05-28T21:01:44","slug":"kosar","status":"publish","type":"page","link":"https:\/\/suttoko.hu\/index.php\/kosar\/","title":{"rendered":"Kos\u00e1r"},"content":{"rendered":"<div data-block-name=\"woocommerce\/cart\" class=\"wp-block-woocommerce-cart alignwide is-loading\"><div data-block-name=\"woocommerce\/filled-cart-block\" class=\"wp-block-woocommerce-filled-cart-block\"><div data-block-name=\"woocommerce\/cart-items-block\" class=\"wp-block-woocommerce-cart-items-block\"><div data-block-name=\"woocommerce\/cart-line-items-block\" class=\"wp-block-woocommerce-cart-line-items-block\"><\/div>\n\n<div data-block-name=\"woocommerce\/cart-cross-sells-block\" class=\"wp-block-woocommerce-cart-cross-sells-block\"><h2 class=\"wp-block-heading has-large-font-size\">Tal\u00e1n \u00e9rdekelhetnek ezek&#8230;<\/h2>\n\n<div data-block-name=\"woocommerce\/cart-cross-sells-products-block\" class=\"wp-block-woocommerce-cart-cross-sells-products-block\"><\/div><\/div><\/div>\n\n<div data-block-name=\"woocommerce\/cart-totals-block\" class=\"wp-block-woocommerce-cart-totals-block\"><div data-block-name=\"woocommerce\/cart-order-summary-block\" class=\"wp-block-woocommerce-cart-order-summary-block\"><div data-block-name=\"woocommerce\/cart-order-summary-heading-block\" class=\"wp-block-woocommerce-cart-order-summary-heading-block\"><\/div><div data-block-name=\"woocommerce\/cart-order-summary-coupon-form-block\" class=\"wp-block-woocommerce-cart-order-summary-coupon-form-block\"><\/div><div data-block-name=\"woocommerce\/cart-order-summary-totals-block\" class=\"wp-block-woocommerce-cart-order-summary-totals-block\">\n<div data-block-name=\"woocommerce\/cart-order-summary-subtotal-block\" class=\"wp-block-woocommerce-cart-order-summary-subtotal-block\"><\/div>\n<div data-block-name=\"woocommerce\/cart-order-summary-discount-block\" class=\"wp-block-woocommerce-cart-order-summary-discount-block\"><\/div>\n<div data-block-name=\"woocommerce\/cart-order-summary-fee-block\" class=\"wp-block-woocommerce-cart-order-summary-fee-block\"><\/div>\n<div data-block-name=\"woocommerce\/cart-order-summary-shipping-block\" class=\"wp-block-woocommerce-cart-order-summary-shipping-block\"><\/div>\n<div data-block-name=\"woocommerce\/cart-order-summary-taxes-block\" class=\"wp-block-woocommerce-cart-order-summary-taxes-block\"><\/div><\/div><\/div>\n\n<div data-block-name=\"woocommerce\/cart-express-payment-block\" class=\"wp-block-woocommerce-cart-express-payment-block\"><\/div>\n\n<div data-block-name=\"woocommerce\/proceed-to-checkout-block\" class=\"wp-block-woocommerce-proceed-to-checkout-block\"><\/div>\n\n<div data-block-name=\"woocommerce\/cart-accepted-payment-methods-block\" class=\"wp-block-woocommerce-cart-accepted-payment-methods-block\"><\/div><\/div><\/div>\n\n<div data-block-name=\"woocommerce\/empty-cart-block\" class=\"wp-block-woocommerce-empty-cart-block\"><h2 class=\"wp-block-heading has-text-align-center with-empty-cart-icon wc-block-cart__empty-cart__title\">Jelenleg \u00fcres a kosarad.<\/h2>\n\n<hr class=\"wp-block-separator has-alpha-channel-opacity is-style-dots\"\/>\n\n<h2 class=\"wp-block-heading has-text-align-center\">\u00dajdons\u00e1gok<\/h2>\n\n<div data-block-name=\"woocommerce\/product-new\" data-columns=\"4\" data-rows=\"1\" class=\"wc-block-grid wp-block-product-new wp-block-woocommerce-product-new wc-block-product-new has-4-columns\"><ul class=\"wc-block-grid__products\"><li class=\"wc-block-grid__product\">\n\t\t\t\t<a href=\"https:\/\/suttoko.hu\/index.php\/termek\/tomblepcsok\/\" class=\"wc-block-grid__product-link\">\n\t\t\t\t\t\n\t\t\t\t\t<div class=\"wc-block-grid__product-image\"><img fetchpriority=\"high\" decoding=\"async\" width=\"300\" height=\"300\" src=\"https:\/\/suttoko.hu\/wp-content\/uploads\/2024\/04\/kepek-011-300x300.jpg\" class=\"attachment-woocommerce_thumbnail size-woocommerce_thumbnail\" alt=\"T\u00f6mbl\u00e9pcs\u0151k\" srcset=\"https:\/\/suttoko.hu\/wp-content\/uploads\/2024\/04\/kepek-011-300x300.jpg 300w, https:\/\/suttoko.hu\/wp-content\/uploads\/2024\/04\/kepek-011-150x150.jpg 150w, https:\/\/suttoko.hu\/wp-content\/uploads\/2024\/04\/kepek-011-600x600.jpg 600w, https:\/\/suttoko.hu\/wp-content\/uploads\/2024\/04\/kepek-011-100x100.jpg 100w\" sizes=\"(max-width: 300px) 100vw, 300px\" \/><\/div>\n\t\t\t\t\t<div class=\"wc-block-grid__product-title\">T\u00f6mbl\u00e9pcs\u0151k<\/div>\n\t\t\t\t<\/a>\n\t\t\t\t<div class=\"wc-block-grid__product-price price\"><\/div>\n\t\t\t\t\n\t\t\t\t<div class=\"wp-block-button wc-block-grid__product-add-to-cart\"><a href=\"https:\/\/suttoko.hu\/index.php\/termek\/tomblepcsok\/\" aria-label=\"&ldquo;T\u00f6mbl\u00e9pcs\u0151k&rdquo; term\u00e9kr\u0151l t\u00f6bb inform\u00e1ci\u00f3\" data-quantity=\"1\" data-product_id=\"1258\" data-product_sku=\"\" data-price=\"0\" rel=\"nofollow\" class=\"wp-block-button__link  add_to_cart_button\">Tov\u00e1bb olvasom<\/a><\/div>\n\t\t\t<\/li><li class=\"wc-block-grid__product\">\n\t\t\t\t<a href=\"https:\/\/suttoko.hu\/index.php\/termek\/homloklapok\/\" class=\"wc-block-grid__product-link\">\n\t\t\t\t\t\n\t\t\t\t\t<div class=\"wc-block-grid__product-image\"><img decoding=\"async\" width=\"300\" height=\"300\" src=\"https:\/\/suttoko.hu\/wp-content\/uploads\/2024\/04\/kepek-011-300x300.jpg\" class=\"attachment-woocommerce_thumbnail size-woocommerce_thumbnail\" alt=\"Homloklapok\" srcset=\"https:\/\/suttoko.hu\/wp-content\/uploads\/2024\/04\/kepek-011-300x300.jpg 300w, https:\/\/suttoko.hu\/wp-content\/uploads\/2024\/04\/kepek-011-150x150.jpg 150w, https:\/\/suttoko.hu\/wp-content\/uploads\/2024\/04\/kepek-011-600x600.jpg 600w, https:\/\/suttoko.hu\/wp-content\/uploads\/2024\/04\/kepek-011-100x100.jpg 100w\" sizes=\"(max-width: 300px) 100vw, 300px\" \/><\/div>\n\t\t\t\t\t<div class=\"wc-block-grid__product-title\">Homloklapok<\/div>\n\t\t\t\t<\/a>\n\t\t\t\t<div class=\"wc-block-grid__product-price price\"><span class=\"woocommerce-Price-amount amount\">42000,00&nbsp;<span class=\"woocommerce-Price-currencySymbol\">&#070;&#116;<\/span><\/span> <small class=\"woocommerce-price-suffix\">\/m\u00b2 nett\u00f3<\/small><\/div>\n\t\t\t\t\n\t\t\t\t<div class=\"wp-block-button wc-block-grid__product-add-to-cart\"><a href=\"?add-to-cart=1247\" aria-label=\"Kos\u00e1rba: &ldquo;Homloklapok&rdquo;\" data-quantity=\"1\" data-product_id=\"1247\" data-product_sku=\"\" data-price=\"42000\" rel=\"nofollow\" class=\"wp-block-button__link  add_to_cart_button ajax_add_to_cart\">Kos\u00e1rba teszem<\/a><\/div>\n\t\t\t<\/li><li class=\"wc-block-grid__product\">\n\t\t\t\t<a href=\"https:\/\/suttoko.hu\/index.php\/termek\/piller-fedlap\/\" class=\"wc-block-grid__product-link\">\n\t\t\t\t\t\n\t\t\t\t\t<div class=\"wc-block-grid__product-image\"><img decoding=\"async\" width=\"300\" height=\"300\" src=\"https:\/\/suttoko.hu\/wp-content\/uploads\/2024\/04\/vegyes-kepek-008-300x300.jpg\" class=\"attachment-woocommerce_thumbnail size-woocommerce_thumbnail\" alt=\"Pill\u00e9r fedlap\" srcset=\"https:\/\/suttoko.hu\/wp-content\/uploads\/2024\/04\/vegyes-kepek-008-300x300.jpg 300w, https:\/\/suttoko.hu\/wp-content\/uploads\/2024\/04\/vegyes-kepek-008-150x150.jpg 150w, https:\/\/suttoko.hu\/wp-content\/uploads\/2024\/04\/vegyes-kepek-008-600x600.jpg 600w, https:\/\/suttoko.hu\/wp-content\/uploads\/2024\/04\/vegyes-kepek-008-100x100.jpg 100w\" sizes=\"(max-width: 300px) 100vw, 300px\" \/><\/div>\n\t\t\t\t\t<div class=\"wc-block-grid__product-title\">Pill\u00e9r fedlap<\/div>\n\t\t\t\t<\/a>\n\t\t\t\t<div class=\"wc-block-grid__product-price price\"><span class=\"woocommerce-Price-amount amount\">71000,00&nbsp;<span class=\"woocommerce-Price-currencySymbol\">&#070;&#116;<\/span><\/span> &ndash; <span class=\"woocommerce-Price-amount amount\">81000,00&nbsp;<span class=\"woocommerce-Price-currencySymbol\">&#070;&#116;<\/span><\/span> <small class=\"woocommerce-price-suffix\">\/m\u00b2 nett\u00f3<\/small><\/div>\n\t\t\t\t\n\t\t\t\t<div class=\"wp-block-button wc-block-grid__product-add-to-cart\"><a href=\"https:\/\/suttoko.hu\/index.php\/termek\/piller-fedlap\/\" aria-label=\"V\u00e1lasszunk &ldquo;Pill\u00e9r fedlap&rdquo; lehet\u0151s\u00e9gek k\u00f6z\u00fcl\" data-quantity=\"1\" data-product_id=\"1105\" data-product_sku=\"\" data-price=\"71000\" rel=\"nofollow\" class=\"wp-block-button__link  add_to_cart_button\">Opci\u00f3k v\u00e1laszt\u00e1sa<\/a><\/div>\n\t\t\t<\/li><li class=\"wc-block-grid__product\">\n\t\t\t\t<a href=\"https:\/\/suttoko.hu\/index.php\/termek\/belso-konyoklo\/\" class=\"wc-block-grid__product-link\">\n\t\t\t\t\t\n\t\t\t\t\t<div class=\"wc-block-grid__product-image\"><img loading=\"lazy\" decoding=\"async\" width=\"300\" height=\"300\" src=\"https:\/\/suttoko.hu\/wp-content\/uploads\/2024\/04\/iroda_II-300x300.jpg\" class=\"attachment-woocommerce_thumbnail size-woocommerce_thumbnail\" alt=\"Bels\u0151 k\u00f6ny\u00f6kl\u0151\" srcset=\"https:\/\/suttoko.hu\/wp-content\/uploads\/2024\/04\/iroda_II-300x300.jpg 300w, https:\/\/suttoko.hu\/wp-content\/uploads\/2024\/04\/iroda_II-150x150.jpg 150w, https:\/\/suttoko.hu\/wp-content\/uploads\/2024\/04\/iroda_II-600x600.jpg 600w, https:\/\/suttoko.hu\/wp-content\/uploads\/2024\/04\/iroda_II-100x100.jpg 100w\" sizes=\"(max-width: 300px) 100vw, 300px\" \/><\/div>\n\t\t\t\t\t<div class=\"wc-block-grid__product-title\">Bels\u0151 k\u00f6ny\u00f6kl\u0151<\/div>\n\t\t\t\t<\/a>\n\t\t\t\t<div class=\"wc-block-grid__product-price price\"><span class=\"woocommerce-Price-amount amount\">60000,00&nbsp;<span class=\"woocommerce-Price-currencySymbol\">&#070;&#116;<\/span><\/span> &ndash; <span class=\"woocommerce-Price-amount amount\">70000,00&nbsp;<span class=\"woocommerce-Price-currencySymbol\">&#070;&#116;<\/span><\/span> <small class=\"woocommerce-price-suffix\">\/m\u00b2 nett\u00f3<\/small><\/div>\n\t\t\t\t\n\t\t\t\t<div class=\"wp-block-button wc-block-grid__product-add-to-cart\"><a href=\"https:\/\/suttoko.hu\/index.php\/termek\/belso-konyoklo\/\" aria-label=\"V\u00e1lasszunk &ldquo;Bels\u0151 k\u00f6ny\u00f6kl\u0151&rdquo; lehet\u0151s\u00e9gek k\u00f6z\u00fcl\" data-quantity=\"1\" data-product_id=\"1094\" data-product_sku=\"\" data-price=\"60000\" rel=\"nofollow\" class=\"wp-block-button__link  add_to_cart_button\">Opci\u00f3k v\u00e1laszt\u00e1sa<\/a><\/div>\n\t\t\t<\/li><\/ul><\/div><\/div><\/div>","protected":false},"excerpt":{"rendered":"","protected":false},"author":1,"featured_media":0,"parent":0,"menu_order":0,"comment_status":"closed","ping_status":"closed","template":"","meta":{"footnotes":""},"class_list":["post-121","page","type-page","status-publish","hentry","entry","owp-thumbs-layout-horizontal","owp-btn-normal","owp-tabs-layout-horizontal","has-no-thumbnails"],"_links":{"self":[{"href":"https:\/\/suttoko.hu\/index.php\/wp-json\/wp\/v2\/pages\/121","targetHints":{"allow":["GET"]}}],"collection":[{"href":"https:\/\/suttoko.hu\/index.php\/wp-json\/wp\/v2\/pages"}],"about":[{"href":"https:\/\/suttoko.hu\/index.php\/wp-json\/wp\/v2\/types\/page"}],"author":[{"embeddable":true,"href":"https:\/\/suttoko.hu\/index.php\/wp-json\/wp\/v2\/users\/1"}],"replies":[{"embeddable":true,"href":"https:\/\/suttoko.hu\/index.php\/wp-json\/wp\/v2\/comments?post=121"}],"version-history":[{"count":2,"href":"https:\/\/suttoko.hu\/index.php\/wp-json\/wp\/v2\/pages\/121\/revisions"}],"predecessor-version":[{"id":1466,"href":"https:\/\/suttoko.hu\/index.php\/wp-json\/wp\/v2\/pages\/121\/revisions\/1466"}],"wp:attachment":[{"href":"https:\/\/suttoko.hu\/index.php\/wp-json\/wp\/v2\/media?parent=121"}],"curies":[{"name":"wp","href":"https:\/\/api.w.org\/{rel}","templated":true}]}}